{"id":4898,"date":"2022-02-24T05:28:25","date_gmt":"2022-02-24T05:28:25","guid":{"rendered":"https:\/\/themeim.com\/wp\/panthar\/?page_id=4898"},"modified":"2024-03-19T17:17:55","modified_gmt":"2024-03-19T17:17:55","slug":"quelques-fournisseurs","status":"publish","type":"page","link":"https:\/\/www.securex-sarl.fr\/new-2022\/quelques-fournisseurs\/","title":{"rendered":"Quelques fournisseurs"},"content":{"rendered":"\t\t<div data-elementor-type=\"wp-page\" data-elementor-id=\"4898\" class=\"elementor elementor-4898\" data-elementor-post-type=\"page\">\n\t\t\t\t\t\t<div class=\"elementor-section elementor-top-section elementor-element elementor-element-ae4eeb4 elementor-section-boxed elementor-section-height-default elementor-section-height-default\" data-id=\"ae4eeb4\" data-element_type=\"section\" data-e-type=\"section\">\n\t\t\t\t\t\t<div class=\"elementor-container elementor-column-gap-no\">\n\t\t\t\t\t<div class=\"elementor-column elementor-col-100 elementor-top-column elementor-element elementor-element-e074b62\" data-id=\"e074b62\" data-element_type=\"column\" data-e-type=\"column\">\n\t\t\t<div class=\"elementor-widget-wrap elementor-element-populated\">\n\t\t\t\t\t\t<section class=\"elementor-section elementor-inner-section elementor-element elementor-element-851c057 elementor-section-boxed elementor-section-height-default elementor-section-height-default\" data-id=\"851c057\" data-element_type=\"section\" data-e-type=\"section\">\n\t\t\t\t\t\t<div class=\"elementor-container elementor-column-gap-no\">\n\t\t\t\t\t<div class=\"elementor-column elementor-col-100 elementor-inner-column elementor-element elementor-element-63ace57\" data-id=\"63ace57\" data-element_type=\"column\" data-e-type=\"column\">\n\t\t\t<div class=\"elementor-widget-wrap elementor-element-populated\">\n\t\t\t\t\t\t<div class=\"elementor-element elementor-element-ef38a40 elementor-widget elementor-widget-panthar-blog-grid-list-widget\" data-id=\"ef38a40\" data-element_type=\"widget\" data-e-type=\"widget\" data-widget_type=\"panthar-blog-grid-list-widget.default\">\n\t\t\t\t<div class=\"elementor-widget-container\">\n\t\t\t\t\t        <div class=\"blog-list-item-wrap\">\n            <div class=\"row\">\n                                    \n\n                                                <div class=\"col-lg-6 col-md-6\">\n                                <div class=\"single-blog-item-inner border-style-bottom\">\n                                    <div class=\"thumb\">\n                                        <img decoding=\"async\" src=\"https:\/\/www.securex-sarl.fr\/new-2022\/wp-content\/uploads\/2022\/02\/entree-parking-370x240.jpg\" alt=\"\">\n                                                                            <\/div>\n                                    <div class=\"details\">\n                                        <ul class=\"author-meta\">\n                                            <li class=\"author pl-0\">\n                                                <i class=\"icomoon icomoon-user\"><\/i>\n                                                <span class=\"byline\">  <a class=\"post-by url fn n\" href=\"https:\/\/www.securex-sarl.fr\/new-2022\/author\/ft_yzsl5\/\"> By - FT_yzsl5<\/a><\/span>                                            <\/li>\n                                                                                            <li class=\"date text-right\">\n                                                    <i class=\"fa fa-calendar\"><\/i>\n                                                    <span class=\"posted-on\"> <a href=\"https:\/\/www.securex-sarl.fr\/new-2022\/2024\/03\/15\/controle-dacces-simplifie-pour-une-securite-renforcee\/\" rel=\"bookmark\"><span class=\"entry-date published updated\">mars 15, 2024<\/span><\/a><\/span>                                                <\/li>\n                                                                                    <\/ul>\n                                        <h4 class=\"title\"><a href=\"https:\/\/www.securex-sarl.fr\/new-2022\/2024\/03\/15\/controle-dacces-simplifie-pour-une-securite-renforcee\/\">Contr\u00f4le d&rsquo;Acc\u00e8s Simplifi\u00e9 pour une S\u00e9curit\u00e9 Renforc\u00e9e<\/a><\/h4>\n                                                                                    <div class=\"btn-wrap\">\n                                                <a href=\"https:\/\/www.securex-sarl.fr\/new-2022\/2024\/03\/15\/controle-dacces-simplifie-pour-une-securite-renforcee\/\" class=\"read-btn\">En savoir plus <span><\/span><\/a>\n                                            <\/div>\n                                                                            <\/div>\n                                <\/div>\n                            <\/div>\n                                                            \n\n                                                <div class=\"col-lg-6 col-md-6\">\n                                <div class=\"single-blog-item-inner border-style-bottom\">\n                                    <div class=\"thumb\">\n                                        <img decoding=\"async\" src=\"https:\/\/www.securex-sarl.fr\/new-2022\/wp-content\/uploads\/2024\/03\/ajax-1-370x240.jpg\" alt=\"\">\n                                                                            <\/div>\n                                    <div class=\"details\">\n                                        <ul class=\"author-meta\">\n                                            <li class=\"author pl-0\">\n                                                <i class=\"icomoon icomoon-user\"><\/i>\n                                                <span class=\"byline\">  <a class=\"post-by url fn n\" href=\"https:\/\/www.securex-sarl.fr\/new-2022\/author\/ft_yzsl5\/\"> By - FT_yzsl5<\/a><\/span>                                            <\/li>\n                                                                                            <li class=\"date text-right\">\n                                                    <i class=\"fa fa-calendar\"><\/i>\n                                                    <span class=\"posted-on\"> <a href=\"https:\/\/www.securex-sarl.fr\/new-2022\/2024\/03\/15\/ajax\/\" rel=\"bookmark\"><span class=\"entry-date published updated\">mars 15, 2024<\/span><\/a><\/span>                                                <\/li>\n                                                                                    <\/ul>\n                                        <h4 class=\"title\"><a href=\"https:\/\/www.securex-sarl.fr\/new-2022\/2024\/03\/15\/ajax\/\">Ajax<\/a><\/h4>\n                                                                                    <div class=\"btn-wrap\">\n                                                <a href=\"https:\/\/www.securex-sarl.fr\/new-2022\/2024\/03\/15\/ajax\/\" class=\"read-btn\">En savoir plus <span><\/span><\/a>\n                                            <\/div>\n                                                                            <\/div>\n                                <\/div>\n                            <\/div>\n                                                            \n\n                                                <div class=\"col-lg-6 col-md-6\">\n                                <div class=\"single-blog-item-inner border-style-bottom\">\n                                    <div class=\"thumb\">\n                                        <img decoding=\"async\" src=\"https:\/\/www.securex-sarl.fr\/new-2022\/wp-content\/uploads\/2024\/03\/aritech-cartier-370x240.jpg\" alt=\"\">\n                                                                            <\/div>\n                                    <div class=\"details\">\n                                        <ul class=\"author-meta\">\n                                            <li class=\"author pl-0\">\n                                                <i class=\"icomoon icomoon-user\"><\/i>\n                                                <span class=\"byline\">  <a class=\"post-by url fn n\" href=\"https:\/\/www.securex-sarl.fr\/new-2022\/author\/ft_yzsl5\/\"> By - FT_yzsl5<\/a><\/span>                                            <\/li>\n                                                                                            <li class=\"date text-right\">\n                                                    <i class=\"fa fa-calendar\"><\/i>\n                                                    <span class=\"posted-on\"> <a href=\"https:\/\/www.securex-sarl.fr\/new-2022\/2024\/03\/12\/aritech\/\" rel=\"bookmark\"><span class=\"entry-date published updated\">mars 12, 2024<\/span><\/a><\/span>                                                <\/li>\n                                                                                    <\/ul>\n                                        <h4 class=\"title\"><a href=\"https:\/\/www.securex-sarl.fr\/new-2022\/2024\/03\/12\/aritech\/\">Aritech<\/a><\/h4>\n                                                                                    <div class=\"btn-wrap\">\n                                                <a href=\"https:\/\/www.securex-sarl.fr\/new-2022\/2024\/03\/12\/aritech\/\" class=\"read-btn\">En savoir plus <span><\/span><\/a>\n                                            <\/div>\n                                                                            <\/div>\n                                <\/div>\n                            <\/div>\n                                                                            <div class=\"col-lg-12\">\n                        <div class=\"blog-pagination text-left margin-top-20\">\n                            \n                                                        <\/div>\n                    <\/div>\n                            <\/div>\n        <\/div>\n        \t\t\t\t<\/div>\n\t\t\t\t<\/div>\n\t\t\t\t\t<\/div>\n\t\t<\/div>\n\t\t\t\t\t<\/div>\n\t\t<\/section>\n\t\t\t\t\t<\/div>\n\t\t<\/div>\n\t\t\t\t\t<\/div>\n\t\t<\/div>\n\t\t\t\t<\/div>\n\t\t","protected":false},"excerpt":{"rendered":"<p>By &#8211; FT_yzsl5 mars 15, 2024 Contr\u00f4le d&rsquo;Acc\u00e8s Simplifi\u00e9 pour une S\u00e9curit\u00e9 Renforc\u00e9e En savoir plus By &#8211; FT_yzsl5 mars 15, 2024 Ajax En savoir plus By &#8211; FT_yzsl5 mars 12, 2024 Aritech En savoir plus<\/p>\n","protected":false},"author":1,"featured_media":0,"parent":0,"menu_order":0,"comment_status":"closed","ping_status":"closed","template":"","meta":{"footnotes":""},"class_list":["post-4898","page","type-page","status-publish","hentry"],"_links":{"self":[{"href":"https:\/\/www.securex-sarl.fr\/new-2022\/wp-json\/wp\/v2\/pages\/4898","targetHints":{"allow":["GET"]}}],"collection":[{"href":"https:\/\/www.securex-sarl.fr\/new-2022\/wp-json\/wp\/v2\/pages"}],"about":[{"href":"https:\/\/www.securex-sarl.fr\/new-2022\/wp-json\/wp\/v2\/types\/page"}],"author":[{"embeddable":true,"href":"https:\/\/www.securex-sarl.fr\/new-2022\/wp-json\/wp\/v2\/users\/1"}],"replies":[{"embeddable":true,"href":"https:\/\/www.securex-sarl.fr\/new-2022\/wp-json\/wp\/v2\/comments?post=4898"}],"version-history":[{"count":4,"href":"https:\/\/www.securex-sarl.fr\/new-2022\/wp-json\/wp\/v2\/pages\/4898\/revisions"}],"predecessor-version":[{"id":7120,"href":"https:\/\/www.securex-sarl.fr\/new-2022\/wp-json\/wp\/v2\/pages\/4898\/revisions\/7120"}],"wp:attachment":[{"href":"https:\/\/www.securex-sarl.fr\/new-2022\/wp-json\/wp\/v2\/media?parent=4898"}],"curies":[{"name":"wp","href":"https:\/\/api.w.org\/{rel}","templated":true}]}}