{"id":4816,"date":"2022-02-24T04:31:41","date_gmt":"2022-02-24T04:31:41","guid":{"rendered":"https:\/\/themeim.com\/wp\/panthar\/team-copy-copy\/"},"modified":"2022-05-23T13:29:13","modified_gmt":"2022-05-23T13:29:13","slug":"contact","status":"publish","type":"page","link":"https:\/\/www.securex-sarl.fr\/new-2022\/contact\/","title":{"rendered":"Contact"},"content":{"rendered":"\t\t<div data-elementor-type=\"wp-page\" data-elementor-id=\"4816\" class=\"elementor elementor-4816\" data-elementor-post-type=\"page\">\n\t\t\t\t\t\t<section class=\"elementor-section elementor-top-section elementor-element elementor-element-21f87e7 elementor-section-boxed elementor-section-height-default elementor-section-height-default\" data-id=\"21f87e7\" data-element_type=\"section\" data-e-type=\"section\" data-settings=\"{&quot;background_background&quot;:&quot;classic&quot;}\">\n\t\t\t\t\t\t<div class=\"elementor-container elementor-column-gap-default\">\n\t\t\t\t\t<div class=\"elementor-column elementor-col-33 elementor-top-column elementor-element elementor-element-10963ff\" data-id=\"10963ff\" data-element_type=\"column\" data-e-type=\"column\">\n\t\t\t<div class=\"elementor-widget-wrap elementor-element-populated\">\n\t\t\t\t\t\t<div class=\"elementor-element elementor-element-3da88a2 top-image-bounce elementor-widget__width-auto elementor-absolute elementor-view-default elementor-widget elementor-widget-icon\" data-id=\"3da88a2\" data-element_type=\"widget\" data-e-type=\"widget\" data-settings=\"{&quot;_position&quot;:&quot;absolute&quot;}\" data-widget_type=\"icon.default\">\n\t\t\t\t<div class=\"elementor-widget-container\">\n\t\t\t\t\t\t\t<div class=\"elementor-icon-wrapper\">\n\t\t\t<div class=\"elementor-icon\">\n\t\t\t\t\t\t<\/div>\n\t\t<\/div>\n\t\t\t\t\t\t<\/div>\n\t\t\t\t<\/div>\n\t\t\t\t<div class=\"elementor-element elementor-element-5b0a94d elementor-widget elementor-widget-panthar-icon-box-widget\" data-id=\"5b0a94d\" data-element_type=\"widget\" data-e-type=\"widget\" data-widget_type=\"panthar-icon-box-widget.default\">\n\t\t\t\t<div class=\"elementor-widget-container\">\n\t\t\t\t\t            <div class=\"intro-icon-box-3 icon-box-item top\"\n                 style=\"text-align:left\">\n                <div class=\"icon-wrap\">\n                                            <div class=\"icon\">\n                            <i aria-hidden=\"true\" class=\"icomoon icomoon-phone\"><\/i>                        <\/div>\n                                    <\/div>\n                <div class=\"content\">\n                    <a class=\"icon-box-anchor\" href=\"tel:+33450819084\" ><h3 class=\"title\">T\u00e9l\u00e9phone<\/h3><\/a><h2 class=\"count-value \">+33 4 50 81 90 84 <i class=\"icomoon-top-right-arrow\"><\/i><\/h2>                <\/div>\n            <\/div>\n        \t\t\t\t<\/div>\n\t\t\t\t<\/div>\n\t\t\t\t\t<\/div>\n\t\t<\/div>\n\t\t\t\t<div class=\"elementor-column elementor-col-33 elementor-top-column elementor-element elementor-element-09ec0e8\" data-id=\"09ec0e8\" data-element_type=\"column\" data-e-type=\"column\">\n\t\t\t<div class=\"elementor-widget-wrap elementor-element-populated\">\n\t\t\t\t\t\t<div class=\"elementor-element elementor-element-c02ab72 elementor-widget elementor-widget-panthar-icon-box-widget\" data-id=\"c02ab72\" data-element_type=\"widget\" data-e-type=\"widget\" data-widget_type=\"panthar-icon-box-widget.default\">\n\t\t\t\t<div class=\"elementor-widget-container\">\n\t\t\t\t\t            <div class=\"intro-icon-box-3 icon-box-item top\"\n                 style=\"text-align:left\">\n                <div class=\"icon-wrap\">\n                                            <div class=\"icon\">\n                            <i aria-hidden=\"true\" class=\"icomoon icomoon-phone-call\"><\/i>                        <\/div>\n                                    <\/div>\n                <div class=\"content\">\n                    <a class=\"icon-box-anchor\" href=\"tel:+33450819084\" ><h3 class=\"title\">Afin de mieux r\u00e9pondre \u00e0 vos besoins<\/h3><\/a><h2 class=\"count-value \">Nous privil\u00e9gions le contact t\u00e9l\u00e9phonique ou le rendez-vous. <i class=\"icomoon-top-right-arrow\"><\/i><\/h2>                <\/div>\n            <\/div>\n        \t\t\t\t<\/div>\n\t\t\t\t<\/div>\n\t\t\t\t\t<\/div>\n\t\t<\/div>\n\t\t\t\t<div class=\"elementor-column elementor-col-33 elementor-top-column elementor-element elementor-element-7ed1536\" data-id=\"7ed1536\" data-element_type=\"column\" data-e-type=\"column\">\n\t\t\t<div class=\"elementor-widget-wrap elementor-element-populated\">\n\t\t\t\t\t\t<div class=\"elementor-element elementor-element-2b7c912 elementor-widget elementor-widget-panthar-icon-box-widget\" data-id=\"2b7c912\" data-element_type=\"widget\" data-e-type=\"widget\" data-widget_type=\"panthar-icon-box-widget.default\">\n\t\t\t\t<div class=\"elementor-widget-container\">\n\t\t\t\t\t            <div class=\"intro-icon-box-3 icon-box-item top\"\n                 style=\"text-align:left\">\n                <div class=\"icon-wrap\">\n                                            <div class=\"icon\">\n                            <svg aria-hidden=\"true\" class=\"e-font-icon-svg e-fas-map-marker-alt\" viewBox=\"0 0 384 512\" xmlns=\"http:\/\/www.w3.org\/2000\/svg\"><path d=\"M172.268 501.67C26.97 291.031 0 269.413 0 192 0 85.961 85.961 0 192 0s192 85.961 192 192c0 77.413-26.97 99.031-172.268 309.67-9.535 13.774-29.93 13.773-39.464 0zM192 272c44.183 0 80-35.817 80-80s-35.817-80-80-80-80 35.817-80 80 35.817 80 80 80z\"><\/path><\/svg>                        <\/div>\n                                    <\/div>\n                <div class=\"content\">\n                    <a class=\"icon-box-anchor\" ><h3 class=\"title\">Situation<\/h3><\/a><p>Accueil client ouvert du lundi au vendredi de 8h30 \u00e0 18h00<\/p><h2 class=\"count-value yes\"> Z.I. Vongy - Thonon les Bains <i class=\"icomoon-top-right-arrow\"><\/i><\/h2>                <\/div>\n            <\/div>\n        \t\t\t\t<\/div>\n\t\t\t\t<\/div>\n\t\t\t\t<div class=\"elementor-element elementor-element-87e77c1 top-image-bounce elementor-widget__width-auto elementor-absolute elementor-view-default elementor-widget elementor-widget-icon\" data-id=\"87e77c1\" data-element_type=\"widget\" data-e-type=\"widget\" data-settings=\"{&quot;_position&quot;:&quot;absolute&quot;}\" data-widget_type=\"icon.default\">\n\t\t\t\t<div class=\"elementor-widget-container\">\n\t\t\t\t\t\t\t<div class=\"elementor-icon-wrapper\">\n\t\t\t<div class=\"elementor-icon\">\n\t\t\t\t\t\t<\/div>\n\t\t<\/div>\n\t\t\t\t\t\t<\/div>\n\t\t\t\t<\/div>\n\t\t\t\t\t<\/div>\n\t\t<\/div>\n\t\t\t\t\t<\/div>\n\t\t<\/section>\n\t\t\t\t<section class=\"elementor-section elementor-top-section elementor-element elementor-element-3d6a0bb elementor-section-boxed elementor-section-height-default elementor-section-height-default\" data-id=\"3d6a0bb\" data-element_type=\"section\" data-e-type=\"section\">\n\t\t\t\t\t\t\t<div class=\"elementor-background-overlay\"><\/div>\n\t\t\t\t\t\t\t<div class=\"elementor-container elementor-column-gap-default\">\n\t\t\t\t\t<div class=\"elementor-column elementor-col-100 elementor-top-column elementor-element elementor-element-5605e6f\" data-id=\"5605e6f\" data-element_type=\"column\" data-e-type=\"column\">\n\t\t\t<div class=\"elementor-widget-wrap elementor-element-populated\">\n\t\t\t\t\t\t<section class=\"elementor-section elementor-inner-section elementor-element elementor-element-ae43ec1 elementor-section-boxed elementor-section-height-default elementor-section-height-default\" data-id=\"ae43ec1\" data-element_type=\"section\" data-e-type=\"section\">\n\t\t\t\t\t\t<div class=\"elementor-container elementor-column-gap-default\">\n\t\t\t\t\t<div class=\"elementor-column elementor-col-100 elementor-inner-column elementor-element elementor-element-179f64b\" data-id=\"179f64b\" data-element_type=\"column\" data-e-type=\"column\">\n\t\t\t<div class=\"elementor-widget-wrap\">\n\t\t\t\t\t\t\t<\/div>\n\t\t<\/div>\n\t\t\t\t\t<\/div>\n\t\t<\/section>\n\t\t\t\t<div class=\"elementor-element elementor-element-76a582f elementor-widget elementor-widget-panthar-section-title-widget\" data-id=\"76a582f\" data-element_type=\"widget\" data-e-type=\"widget\" data-widget_type=\"panthar-section-title-widget.default\">\n\t\t\t\t<div class=\"elementor-widget-container\">\n\t\t\t\t\t\n        <div class=\"theme-heading-title\" style=\"text-align:center\">\n                            <div class=\"subtitle \">\n                    <div class=\"icon-left wow fadeInRight animated \">\n                                            <\/div>\n                    CONTACTEZ NOUS FACILEMENT...                    <div class=\"icon-right wow fadeInLeft animated\">\n                                            <\/div>\n                <\/div>\n                                        <h3 class=\"title\">\n                    SECUREX A VOTRE SERVICE                <\/h3>\n                                                        <\/div>\n        \t\t\t\t<\/div>\n\t\t\t\t<\/div>\n\t\t\t\t<section class=\"elementor-section elementor-inner-section elementor-element elementor-element-e550baa elementor-section-boxed elementor-section-height-default elementor-section-height-default\" data-id=\"e550baa\" data-element_type=\"section\" data-e-type=\"section\">\n\t\t\t\t\t\t<div class=\"elementor-container elementor-column-gap-default\">\n\t\t\t\t\t<div class=\"elementor-column elementor-col-50 elementor-inner-column elementor-element elementor-element-140b686\" data-id=\"140b686\" data-element_type=\"column\" data-e-type=\"column\">\n\t\t\t<div class=\"elementor-widget-wrap elementor-element-populated\">\n\t\t\t\t\t\t<div class=\"elementor-element elementor-element-a8c48d7 elementor-widget elementor-widget-google_maps\" data-id=\"a8c48d7\" data-element_type=\"widget\" data-e-type=\"widget\" data-widget_type=\"google_maps.default\">\n\t\t\t\t<div class=\"elementor-widget-container\">\n\t\t\t\t\t\t\t<div class=\"elementor-custom-embed\">\n\t\t\t<iframe loading=\"lazy\"\n\t\t\t\t\tsrc=\"https:\/\/maps.google.com\/maps?q=3%20Av.%20des%20Gen%C3%A9vriers%20Z.I.%20Vongy%2074200%20Thonon%20les%20Bains&#038;t=m&#038;z=15&#038;output=embed&#038;iwloc=near\"\n\t\t\t\t\ttitle=\"3 Av. des Gen\u00e9vriers Z.I. Vongy 74200 Thonon les Bains\"\n\t\t\t\t\taria-label=\"3 Av. des Gen\u00e9vriers Z.I. Vongy 74200 Thonon les Bains\"\n\t\t\t><\/iframe>\n\t\t<\/div>\n\t\t\t\t\t\t<\/div>\n\t\t\t\t<\/div>\n\t\t\t\t\t<\/div>\n\t\t<\/div>\n\t\t\t\t<div class=\"elementor-column elementor-col-50 elementor-inner-column elementor-element elementor-element-fd9b501\" data-id=\"fd9b501\" data-element_type=\"column\" data-e-type=\"column\">\n\t\t\t<div class=\"elementor-widget-wrap elementor-element-populated\">\n\t\t\t\t\t\t<div class=\"elementor-element elementor-element-098df7f elementor-widget elementor-widget-text-editor\" data-id=\"098df7f\" data-element_type=\"widget\" data-e-type=\"widget\" data-widget_type=\"text-editor.default\">\n\t\t\t\t<div class=\"elementor-widget-container\">\n\t\t\t\t\t\t\t\t\t<h5>Nous privil\u00e9gions le t\u00e9l\u00e9phone afin de mieux r\u00e9pondre \u00e0 vos besoins.\u00a0<\/h5><h2>T\u00e9l\u00e9phone :<\/h2><h3>+<a href=\"tel:+33450819084\">33 4 50 81 90 84<\/a><\/h3>\t\t\t\t\t\t\t\t<\/div>\n\t\t\t\t<\/div>\n\t\t\t\t<div class=\"elementor-element elementor-element-679102d top-image-bounce elementor-widget__width-auto elementor-absolute elementor-view-default elementor-widget elementor-widget-icon\" data-id=\"679102d\" data-element_type=\"widget\" data-e-type=\"widget\" data-settings=\"{&quot;_position&quot;:&quot;absolute&quot;}\" data-widget_type=\"icon.default\">\n\t\t\t\t<div class=\"elementor-widget-container\">\n\t\t\t\t\t\t\t<div class=\"elementor-icon-wrapper\">\n\t\t\t<div class=\"elementor-icon\">\n\t\t\t\t\t\t<\/div>\n\t\t<\/div>\n\t\t\t\t\t\t<\/div>\n\t\t\t\t<\/div>\n\t\t\t\t\t<\/div>\n\t\t<\/div>\n\t\t\t\t\t<\/div>\n\t\t<\/section>\n\t\t\t\t\t<\/div>\n\t\t<\/div>\n\t\t\t\t\t<\/div>\n\t\t<\/section>\n\t\t\t\t<section class=\"elementor-section elementor-top-section elementor-element elementor-element-7921acc elementor-section-boxed elementor-section-height-default elementor-section-height-default\" data-id=\"7921acc\" data-element_type=\"section\" data-e-type=\"section\">\n\t\t\t\t\t\t<div class=\"elementor-container elementor-column-gap-default\">\n\t\t\t\t\t<div class=\"elementor-column elementor-col-100 elementor-top-column elementor-element elementor-element-374246d\" data-id=\"374246d\" data-element_type=\"column\" data-e-type=\"column\">\n\t\t\t<div class=\"elementor-widget-wrap elementor-element-populated\">\n\t\t\t\t\t\t<div class=\"elementor-element elementor-element-608cd13 elementor-widget elementor-widget-image-carousel\" data-id=\"608cd13\" data-element_type=\"widget\" data-e-type=\"widget\" data-settings=\"{&quot;slides_to_show&quot;:&quot;3&quot;,&quot;navigation&quot;:&quot;none&quot;,&quot;autoplay_speed&quot;:15000,&quot;speed&quot;:1500,&quot;slides_to_show_tablet&quot;:&quot;3&quot;,&quot;slides_to_show_mobile&quot;:&quot;2&quot;,&quot;autoplay&quot;:&quot;yes&quot;,&quot;pause_on_hover&quot;:&quot;yes&quot;,&quot;pause_on_interaction&quot;:&quot;yes&quot;,&quot;infinite&quot;:&quot;yes&quot;}\" data-widget_type=\"image-carousel.default\">\n\t\t\t\t<div class=\"elementor-widget-container\">\n\t\t\t\t\t\t\t<div class=\"elementor-image-carousel-wrapper swiper\" role=\"region\" aria-roledescription=\"carousel\" aria-label=\"Carrousel d\u2019images\" dir=\"ltr\">\n\t\t\t<div class=\"elementor-image-carousel swiper-wrapper\" aria-live=\"off\">\n\t\t\t\t\t\t\t\t<div class=\"swiper-slide\" role=\"group\" aria-roledescription=\"slide\" aria-label=\"1 sur 8\"><figure class=\"swiper-slide-inner\"><img decoding=\"async\" class=\"swiper-slide-image\" src=\"https:\/\/www.securex-sarl.fr\/new-2022\/wp-content\/uploads\/2022\/03\/VAUBAN.jpg\" alt=\"VAUBAN\" \/><\/figure><\/div><div class=\"swiper-slide\" role=\"group\" aria-roledescription=\"slide\" aria-label=\"2 sur 8\"><figure class=\"swiper-slide-inner\"><img decoding=\"async\" class=\"swiper-slide-image\" src=\"https:\/\/www.securex-sarl.fr\/new-2022\/wp-content\/uploads\/2022\/03\/Paradox.jpg\" alt=\"Paradox\" \/><\/figure><\/div><div class=\"swiper-slide\" role=\"group\" aria-roledescription=\"slide\" aria-label=\"3 sur 8\"><figure class=\"swiper-slide-inner\"><img decoding=\"async\" class=\"swiper-slide-image\" src=\"https:\/\/www.securex-sarl.fr\/new-2022\/wp-content\/uploads\/2022\/03\/RISCO.jpg\" alt=\"RISCO\" \/><\/figure><\/div><div class=\"swiper-slide\" role=\"group\" aria-roledescription=\"slide\" aria-label=\"4 sur 8\"><figure class=\"swiper-slide-inner\"><img decoding=\"async\" class=\"swiper-slide-image\" src=\"https:\/\/www.securex-sarl.fr\/new-2022\/wp-content\/uploads\/2022\/03\/Almas.jpg\" alt=\"Almas\" \/><\/figure><\/div><div class=\"swiper-slide\" role=\"group\" aria-roledescription=\"slide\" aria-label=\"5 sur 8\"><figure class=\"swiper-slide-inner\"><img decoding=\"async\" class=\"swiper-slide-image\" src=\"https:\/\/www.securex-sarl.fr\/new-2022\/wp-content\/uploads\/2022\/03\/Hikvision.png\" alt=\"Hikvision\" \/><\/figure><\/div><div class=\"swiper-slide\" role=\"group\" aria-roledescription=\"slide\" aria-label=\"6 sur 8\"><figure class=\"swiper-slide-inner\"><img decoding=\"async\" class=\"swiper-slide-image\" src=\"https:\/\/www.securex-sarl.fr\/new-2022\/wp-content\/uploads\/2022\/03\/Castel.jpg\" alt=\"Castel\" \/><\/figure><\/div><div class=\"swiper-slide\" role=\"group\" aria-roledescription=\"slide\" aria-label=\"7 sur 8\"><figure class=\"swiper-slide-inner\"><img decoding=\"async\" class=\"swiper-slide-image\" src=\"https:\/\/www.securex-sarl.fr\/new-2022\/wp-content\/uploads\/2022\/03\/honeywell.jpg\" alt=\"honeywell\" \/><\/figure><\/div><div class=\"swiper-slide\" role=\"group\" aria-roledescription=\"slide\" aria-label=\"8 sur 8\"><figure class=\"swiper-slide-inner\"><img decoding=\"async\" class=\"swiper-slide-image\" src=\"https:\/\/www.securex-sarl.fr\/new-2022\/wp-content\/uploads\/2022\/03\/Aritech.jpg\" alt=\"Aritech\" \/><\/figure><\/div>\t\t\t<\/div>\n\t\t\t\t\t\t\t\n\t\t\t\t\t\t\t\t\t<\/div>\n\t\t\t\t\t\t<\/div>\n\t\t\t\t<\/div>\n\t\t\t\t\t<\/div>\n\t\t<\/div>\n\t\t\t\t\t<\/div>\n\t\t<\/section>\n\t\t\t\t<\/div>\n\t\t","protected":false},"excerpt":{"rendered":"<p>T\u00e9l\u00e9phone +33 4 50 81 90 84 Afin de mieux r\u00e9pondre \u00e0 vos besoins Nous privil\u00e9gions le contact t\u00e9l\u00e9phonique ou le rendez-vous. Situation Accueil client ouvert du lundi au vendredi de 8h30 \u00e0 18h00 Z.I. Vongy &#8211; Thonon les Bains CONTACTEZ NOUS FACILEMENT&#8230; SECUREX A VOTRE SERVICE Nous privil\u00e9gions le t\u00e9l\u00e9phone afin de mieux r\u00e9pondre<\/p>\n","protected":false},"author":1,"featured_media":0,"parent":0,"menu_order":0,"comment_status":"closed","ping_status":"closed","template":"","meta":{"footnotes":""},"class_list":["post-4816","page","type-page","status-publish","hentry"],"_links":{"self":[{"href":"https:\/\/www.securex-sarl.fr\/new-2022\/wp-json\/wp\/v2\/pages\/4816","targetHints":{"allow":["GET"]}}],"collection":[{"href":"https:\/\/www.securex-sarl.fr\/new-2022\/wp-json\/wp\/v2\/pages"}],"about":[{"href":"https:\/\/www.securex-sarl.fr\/new-2022\/wp-json\/wp\/v2\/types\/page"}],"author":[{"embeddable":true,"href":"https:\/\/www.securex-sarl.fr\/new-2022\/wp-json\/wp\/v2\/users\/1"}],"replies":[{"embeddable":true,"href":"https:\/\/www.securex-sarl.fr\/new-2022\/wp-json\/wp\/v2\/comments?post=4816"}],"version-history":[{"count":36,"href":"https:\/\/www.securex-sarl.fr\/new-2022\/wp-json\/wp\/v2\/pages\/4816\/revisions"}],"predecessor-version":[{"id":6625,"href":"https:\/\/www.securex-sarl.fr\/new-2022\/wp-json\/wp\/v2\/pages\/4816\/revisions\/6625"}],"wp:attachment":[{"href":"https:\/\/www.securex-sarl.fr\/new-2022\/wp-json\/wp\/v2\/media?parent=4816"}],"curies":[{"name":"wp","href":"https:\/\/api.w.org\/{rel}","templated":true}]}}